{"id":39242,"date":"2024-09-22T08:37:12","date_gmt":"2024-09-22T08:37:12","guid":{"rendered":"https:\/\/circologardel.it\/?page_id=39242"},"modified":"2026-03-26T17:48:51","modified_gmt":"2026-03-26T17:48:51","slug":"eventi-e-milonghe","status":"publish","type":"page","link":"https:\/\/circologardel.it\/?page_id=39242","title":{"rendered":"Eventi e Milonghe"},"content":{"rendered":"[et_pb_section fb_built=&#8221;1&#8243; _builder_version=&#8221;4.24.2&#8243; _module_preset=&#8221;default&#8221; background_image=&#8221;https:\/\/circologardel.it\/wp-content\/uploads\/2026\/03\/evento-gardel-festival.jpg&#8221; height=&#8221;auto&#8221; custom_padding=&#8221;||33px|||&#8221; global_colors_info=&#8221;{}&#8221;][et_pb_row _builder_version=&#8221;4.24.2&#8243; _module_preset=&#8221;default&#8221; global_colors_info=&#8221;{}&#8221;][et_pb_column type=&#8221;4_4&#8243; _builder_version=&#8221;4.24.2&#8243; _module_preset=&#8221;default&#8221; global_colors_info=&#8221;{}&#8221;][et_pb_text _builder_version=&#8221;4.24.2&#8243; _module_preset=&#8221;default&#8221; text_text_color=&#8221;#f9cc00&#8243; text_font_size=&#8221;35px&#8221; text_line_height=&#8221;2em&#8221; text_orientation=&#8221;center&#8221; text_text_shadow_style=&#8221;preset4&#8243; text_text_shadow_vertical_length=&#8221;0em&#8221; text_text_shadow_color=&#8221;#E02B20&#8243; global_colors_info=&#8221;{}&#8221;]\n<p style=\"padding-left: 40px; text-align: center;\">EVENTI\u00a0 MILONGHE<\/p>\n[\/et_pb_text][\/et_pb_column][\/et_pb_row][\/et_pb_section][et_pb_section fb_built=&#8221;1&#8243; theme_builder_area=&#8221;post_content&#8221; _builder_version=&#8221;4.24.2&#8243; _module_preset=&#8221;default&#8221;][et_pb_row _builder_version=&#8221;4.24.2&#8243; _module_preset=&#8221;default&#8221; theme_builder_area=&#8221;post_content&#8221;][et_pb_column _builder_version=&#8221;4.24.2&#8243; _module_preset=&#8221;default&#8221; type=&#8221;4_4&#8243; theme_builder_area=&#8221;post_content&#8221;][et_pb_accordion _builder_version=&#8221;4.24.2&#8243; _module_preset=&#8221;default&#8221; theme_builder_area=&#8221;post_content&#8221; closed_toggle_text_align=&#8221;center&#8221; hover_enabled=&#8221;0&#8243; sticky_enabled=&#8221;0&#8243;][et_pb_accordion_item title=&#8221;SCOPRI I NOSTRI EVENTI&#8221; _builder_version=&#8221;4.24.2&#8243; _module_preset=&#8221;default&#8221; open=&#8221;off&#8221; theme_builder_area=&#8221;post_content&#8221; toggle_text_align=&#8221;center&#8221; toggle_text_color=&#8221;#E02B20&#8243; toggle_icon=&#8221;&#x41;||divi||400&#8243; icon_color=&#8221;#E02B20&#8243; hover_enabled=&#8221;0&#8243; sticky_enabled=&#8221;0&#8243;][\/et_pb_accordion_item][et_pb_accordion_item title=&#8221;CALENDARIO EVENTI E MILONGHE&#8221; _builder_version=&#8221;4.24.2&#8243; _module_preset=&#8221;default&#8221; open=&#8221;on&#8221; theme_builder_area=&#8221;post_content&#8221; toggle_icon=&#8221;&#x41;||divi||400&#8243; icon_color=&#8221;#E02B20&#8243; hover_enabled=&#8221;0&#8243; sticky_enabled=&#8221;0&#8243;]\n<p><span style=\"color: #000000;\">Sabato 31 gennaio &#8211; YANGOTANGO 2.0 ore 21,30 &#8211; Milonga<\/span><span style=\"color: #000000;\"><\/span><\/p>\n<p>Domenica 1 febbraio &#8211; DOMINGO MILONGUERO ore 16 Milonga Pomeridiana<span style=\"color: #000000;\"><\/span><\/p>\n<p>Sabato 14 febbraio &#8211; STAGE MILONGA E SHOW -con VANESA LAMIS y ALEJANDRO PEREIRA<\/p>\n<p>Domenica 15 febbraio &#8211; MOMA Modena Tango Matine\u00e8 dalle 15,30<\/p>\n<p>Sabato 28 febbraio &#8211; STAGE con CHIARA BENATI e ANDREA VIGHI\u00a0 e MILONGA dalle 21,30<\/p>\n<p>Domenica 1 marzo &#8211; DOMINGO MILONGUERO<\/p>\n<p><strong><span style=\"color: #e02b20;\">Venerd\u00ec, sabato e domenica 6\/7\/8 marzo SPECIALE PABLO VERON &#8211; Percorso intensivo di Studio<\/span><\/strong><\/p>\n<p>Sabato 7 marzo -MILONGA SPECIALE con PABLO VERON &#8211; tdj FILIPPO GIACOMELLI<\/p>\n<p><span style=\"color: #e02b20;\"><strong>Domenica 15 marzo\u00a0 &#8211; SANS SOUCI\u00a0 Orquesta Tipica in CONCERTO\u00a0 &#8211; tdj punto y branca<\/strong><\/span><\/p>\n<p>Domenica 5 aprile &#8211; DOMINGO MILONGUERO<\/p>\n<p>Sabato 11 aprile &#8211; YANGOTANGO Milonga<\/p>\n<p>Domenica 19 aprile &#8211; MOMA Modena Tango Matine\u00e8<\/p>\n<p>Sabato 25 aprile &#8211; Spettacolo teatrale con Ricky Barrios e Milonga &#8211; Maurizio Maidana in consolle<\/p>\n<p>Venerdi 1 maggio &#8211; La GIOCONDA -Milonga in collaborazione con Filippo Giacol\u00ecmelli<\/p>\n<p>Sabato 2 e domenica 3 maggio -123 STELLA &#8211; la due giorni del DOMINGO MILONGI\u00ecUERO<\/p>\n<p><strong><span style=\"color: #ff0000;\">Sabato 16 maggio &#8211; Musica dal vivo con il duo AYELEN PARIS e CRISTIAN ASATO<\/span><\/strong><\/p>\n<p>Domenica 17 maggio &#8211; MOMA Modena Tango Matine\u00e8<\/p>\n[\/et_pb_accordion_item][\/et_pb_accordion][\/et_pb_column][\/et_pb_row][\/et_pb_section][et_pb_section fb_built=&#8221;1&#8243; _builder_version=&#8221;4.24.2&#8243; _module_preset=&#8221;default&#8221; height=&#8221;auto&#8221; global_colors_info=&#8221;{}&#8221;][et_pb_row column_structure=&#8221;1_2,1_2&#8243; _builder_version=&#8221;4.24.2&#8243; _module_preset=&#8221;default&#8221; global_colors_info=&#8221;{}&#8221;][et_pb_column type=&#8221;1_2&#8243; _builder_version=&#8221;4.24.2&#8243; _module_preset=&#8221;default&#8221; global_colors_info=&#8221;{}&#8221;][difl_advanced_blurb title=&#8221;Jueves de tango&#8221; sub_title=&#8221;L&#8217;appuntamento settimanale con la tradizione&#8221; image=&#8221;https:\/\/circologardel.it\/wp-content\/uploads\/2024\/05\/52320576-c6a5-4a34-8579-97e04373b30e.jpg&#8221; title_background_bgcolor=&#8221;#FFFFFF&#8221; sub_title_background_bgcolor=&#8221;#FFFFFF&#8221; content_area_alignment=&#8221;center&#8221; _builder_version=&#8221;4.24.2&#8243; _module_preset=&#8221;default&#8221; title_font=&#8221;Averia Serif Libre||||||||&#8221; title_text_color=&#8221;#e00b00&#8243; title_font_size=&#8221;22px&#8221; sub_title_font=&#8221;Averia Serif Libre||||||||&#8221; sub_title_text_color=&#8221;#000000&#8243; sub_title_font_size=&#8221;16px&#8221; content_body_font=&#8221;Averia Serif Libre||||||||&#8221; content_body_text_color=&#8221;#000000&#8243; background_color=&#8221;#FFFFFF&#8221; border_radii=&#8221;on|9px|9px|9px|9px&#8221; border_width_all=&#8221;1px&#8221; border_color_all=&#8221;#E09900&#8243; border_radii_image_border=&#8221;on|11px|11px|11px|11px&#8221; border_width_all_image_border=&#8221;1px&#8221; border_color_all_image_border=&#8221;#E09900&#8243; box_shadow_style_image_shadow=&#8221;preset1&#8243; global_colors_info=&#8221;{}&#8221;]\n<p><span style=\"color: #000000;\">Tutti i gioved\u00ec, dopo la lezione di tango, dalle 21:30 alle 00,30. Milonga informale, giovane e pieno di bella gente che ha voglia di divertirsi. Ingresso riservato ai soci<\/span><\/p>\n[\/difl_advanced_blurb][\/et_pb_column][et_pb_column type=&#8221;1_2&#8243; _builder_version=&#8221;4.24.2&#8243; _module_preset=&#8221;default&#8221; global_colors_info=&#8221;{}&#8221;][difl_advanced_blurb title=&#8221;Milonga del Sabato&#8221; sub_title=&#8221;Dove il tango diventa linguaggio universale&#8221; image=&#8221;https:\/\/circologardel.it\/wp-content\/uploads\/2026\/03\/Progetto-senza-titolo-6.png&#8221; title_background_bgcolor=&#8221;#FFFFFF&#8221; sub_title_background_bgcolor=&#8221;#FFFFFF&#8221; _builder_version=&#8221;4.24.2&#8243; _module_preset=&#8221;default&#8221; title_font=&#8221;Averia Serif Libre||||||||&#8221; title_text_align=&#8221;center&#8221; title_text_color=&#8221;#E02B20&#8243; title_font_size=&#8221;22px&#8221; sub_title_font=&#8221;Averia Serif Libre||||||||&#8221; sub_title_text_align=&#8221;center&#8221; sub_title_text_color=&#8221;#000000&#8243; sub_title_font_size=&#8221;16px&#8221; content_body_font=&#8221;Averia Serif Libre||||||||&#8221; content_body_text_color=&#8221;#FFFFFF&#8221; background_color=&#8221;#FFFFFF&#8221; border_radii=&#8221;on|7px|7px|7px|7px&#8221; border_width_all=&#8221;1px&#8221; border_color_all=&#8221;#E09900&#8243; border_radii_image_border=&#8221;on|5px|5px|5px|5px&#8221; border_width_all_image_border=&#8221;3px&#8221; border_color_all_image_border=&#8221;#E09900&#8243; global_colors_info=&#8221;{}&#8221;]\n<p><span style=\"color: #000000;\">Qui, ogni passo racconta una storia, ogni abbraccio \u00e8 un invito a lasciarsi trasportare dalle emozioni di questa danza magica. La nostra comunit\u00e0, celebra la bellezza della diversit\u00e0, accogliendo ballerini esperti e principianti con lo stesso calore e rispetto.<\/span><\/p>\n[\/difl_advanced_blurb][\/et_pb_column][\/et_pb_row][et_pb_row column_structure=&#8221;1_2,1_2&#8243; _builder_version=&#8221;4.24.2&#8243; _module_preset=&#8221;default&#8221; global_colors_info=&#8221;{}&#8221;][et_pb_column type=&#8221;1_2&#8243; _builder_version=&#8221;4.24.2&#8243; _module_preset=&#8221;default&#8221; global_colors_info=&#8221;{}&#8221;][difl_advanced_blurb title=&#8221;MOMA &#8221; sub_title=&#8221;Scopri la sua atmosfera vibrante&#8221; image=&#8221;https:\/\/circologardel.it\/wp-content\/uploads\/2026\/03\/Progetto-senza-titolo-9.png&#8221; title_background_bgcolor=&#8221;#FFFFFF&#8221; sub_title_background_bgcolor=&#8221;#FFFFFF&#8221; _builder_version=&#8221;4.24.2&#8243; _module_preset=&#8221;default&#8221; title_font=&#8221;Averia Serif Libre||||||||&#8221; title_text_align=&#8221;center&#8221; title_text_color=&#8221;#E02B20&#8243; title_font_size=&#8221;22px&#8221; sub_title_font=&#8221;Averia Serif Libre||||||||&#8221; sub_title_text_align=&#8221;center&#8221; sub_title_text_color=&#8221;#000000&#8243; sub_title_font_size=&#8221;16px&#8221; content_body_font=&#8221;Averia Serif Libre||||||||&#8221; content_body_text_color=&#8221;#FFFFFF&#8221; background_color=&#8221;#FFFFFF&#8221; border_radii=&#8221;on|7px|7px|7px|7px&#8221; border_width_all=&#8221;1px&#8221; border_color_all=&#8221;#E09900&#8243; border_radii_image_border=&#8221;on|5px|5px|5px|5px&#8221; border_width_all_image_border=&#8221;3px&#8221; border_color_all_image_border=&#8221;#E09900&#8243; global_colors_info=&#8221;{}&#8221;]\n<p><span style=\"color: #000000;\">Milonga sociale in stile porteno, dove ogni incontro si trasforma in una celebrazione della passione e dell\u2019arte del tango.Il nostro buffet offre una selezione deliziosa di torte salate e dolci, pizza e stuzzichini, il tutto incluso per nutrire il tuo corpo e il tuo spirito.Non perdere l\u2019occasione di ballare, socializzare e creare ricordi indimenticabili in un ambiente caloroso e accogliente, dove ogni passo \u00e8 un\u2019espressione di gioia e comunit\u00e0.<\/span><\/p>\n<p>&nbsp;<\/p>\n[\/difl_advanced_blurb][\/et_pb_column][et_pb_column type=&#8221;1_2&#8243; _builder_version=&#8221;4.24.2&#8243; _module_preset=&#8221;default&#8221; global_colors_info=&#8221;{}&#8221;][difl_advanced_blurb title=&#8221;Domingo Milonguero&#8221; sub_title=&#8221;La tradizione porte\u00f1a al Gardel&#8221; image=&#8221;https:\/\/circologardel.it\/wp-content\/uploads\/2026\/03\/Progetto-senza-titolo-8.png&#8221; title_background_bgcolor=&#8221;#FFFFFF&#8221; sub_title_background_bgcolor=&#8221;#FFFFFF&#8221; content_area_alignment=&#8221;center&#8221; _builder_version=&#8221;4.24.2&#8243; _module_preset=&#8221;default&#8221; title_font=&#8221;Averia Serif Libre||||||||&#8221; title_text_color=&#8221;#e00b00&#8243; title_font_size=&#8221;22px&#8221; sub_title_font=&#8221;Averia Serif Libre||||||||&#8221; sub_title_text_color=&#8221;#000000&#8243; sub_title_font_size=&#8221;16px&#8221; content_body_font=&#8221;Averia Serif Libre||||||||&#8221; content_body_text_color=&#8221;#FFFFFF&#8221; background_color=&#8221;#FFFFFF&#8221; border_radii=&#8221;on|7px|7px|7px|7px&#8221; border_width_all=&#8221;1px&#8221; border_color_all=&#8221;#E09900&#8243; border_radii_image_border=&#8221;on|11px|11px|11px|11px&#8221; border_width_all_image_border=&#8221;1px&#8221; border_color_all_image_border=&#8221;#E09900&#8243; box_shadow_style_image_shadow=&#8221;preset1&#8243; global_colors_info=&#8221;{}&#8221;]\n<p><span style=\"color: #000000;\">Milonga pomeridiana tradizionale organizzata da Silvia Tonelli in collaborazione con lo staff del Gardel.\u00a0 Dalle 16,00 alle 21,30, con i migliori dj avrete 5 ore e mezza tutte da ballare grazie ad un perfetto bilanciamento donne\/uomini operato dall\u2019organizzatrice. E come in tante milonghe di Buenos Aires donne e uomini trovano posti a sedere in zone separate dalle quali possono invitarsi a ballare, rigorosamente con mirada e capeceo. Richiesto il rispetto della pista e delle regole previste dal codigo della milonga.<\/span><\/p>\n[\/difl_advanced_blurb][\/et_pb_column][\/et_pb_row][et_pb_row _builder_version=&#8221;4.24.2&#8243; _module_preset=&#8221;default&#8221; border_radii=&#8221;on|30px|30px|30px|30px&#8221; border_width_all=&#8221;0px&#8221; border_color_all=&#8221;#E02B20&#8243; global_colors_info=&#8221;{}&#8221;][et_pb_column type=&#8221;4_4&#8243; _builder_version=&#8221;4.24.2&#8243; _module_preset=&#8221;default&#8221; global_colors_info=&#8221;{}&#8221;][et_pb_text _builder_version=&#8221;4.24.2&#8243; _module_preset=&#8221;default&#8221; text_font=&#8221;ABeeZee||||||||&#8221; text_text_color=&#8221;#000000&#8243; custom_margin=&#8221;-8px|||10px|false|false&#8221; border_color_all=&#8221;#0C71C3&#8243; global_colors_info=&#8221;{}&#8221;]\n<h5 style=\"text-align: left;\"><span style=\"color: #000000;\">\u00a0<\/span>Tutti gli eventi sono riservati a soci e tesserati ACSI FAITANGO.\u00a0 Eventuale nuova richiesta o rinnovo<\/h5>\n<p><span style=\"text-decoration: underline; color: #0000ff;\"><em><a href=\"https:\/\/circologardel.it\/tesseramento\/\" style=\"color: #0000ff; text-decoration: underline;\">https:\/\/circologardel.it\/tesseramento\/<\/a><\/em><\/span><\/p>\n<p style=\"text-align: left;\"><span style=\"color: #0000ff;\"><span style=\"text-decoration: underline;\"><\/span><strong>Ove non indicato diversamente gli orari degli eventi ricorrenti sono i seguenti:<\/strong><\/span><\/p>\n<p style=\"text-align: left;\"><span style=\"color: #0000ff;\">LA MILONGUITA DEL JUEVES dalle 21,30 alle 0,30<\/span><\/p>\n<p style=\"text-align: left;\"><span style=\"color: #0000ff;\">DOMINGO &#8211; dalle 16,00 alle 21,30<\/span><\/p>\n<p style=\"text-align: left;\"><span style=\"color: #0000ff;\">MOMA Modena Tango Matine\u00e9 &#8211; dalle 15,30 alle 21,30<\/span><\/p>\n<p style=\"text-align: left;\"><span style=\"color: #0000ff;\">LA MILONGA DEL SABATO dalle 21,30 alle 01,30<\/span><\/p>\n<p style=\"text-align: left;\"><strong><span style=\"color: #ff0000;\">Ove non diversamente indicato la location delle milonghe ed eventi \u00e8 presso la nostra sede in via Ungheria 2 MODENA<\/span><\/strong><\/p>\n<p style=\"text-align: left;\">[\/et_pb_text][\/et_pb_column][\/et_pb_row][\/et_pb_section][et_pb_section fb_built=&#8221;1&#8243; _builder_version=&#8221;4.24.2&#8243; _module_preset=&#8221;default&#8221; background_color=&#8221;#000000&#8243; global_colors_info=&#8221;{}&#8221;][et_pb_row column_structure=&#8221;1_2,1_2&#8243; _builder_version=&#8221;4.24.2&#8243; _module_preset=&#8221;default&#8221; background_color=&#8221;#000000&#8243; global_colors_info=&#8221;{}&#8221;][et_pb_column type=&#8221;1_2&#8243; _builder_version=&#8221;4.24.2&#8243; _module_preset=&#8221;default&#8221; global_colors_info=&#8221;{}&#8221;][et_pb_menu menu_id=&#8221;168&#8243; menu_style=&#8221;centered&#8221; active_link_color=&#8221;#FFFFFF&#8221; _builder_version=&#8221;4.24.2&#8243; _module_preset=&#8221;default&#8221; menu_text_color=&#8221;#FFFFFF&#8221; menu_font_size=&#8221;12px&#8221; background_color=&#8221;#000000&#8243; global_colors_info=&#8221;{}&#8221;][\/et_pb_menu][\/et_pb_column][et_pb_column type=&#8221;1_2&#8243; _builder_version=&#8221;4.24.2&#8243; _module_preset=&#8221;default&#8221; global_colors_info=&#8221;{}&#8221;][et_pb_text _builder_version=&#8221;4.24.2&#8243; _module_preset=&#8221;default&#8221; text_text_color=&#8221;#FFFFFF&#8221; text_font_size=&#8221;12px&#8221; global_colors_info=&#8221;{}&#8221;]\n<p>@2026 Circolo Gardel ASD c.f. 94110010363 via Ungheria 2 Modena<\/p>\n[\/et_pb_text][\/et_pb_column][\/et_pb_row][\/et_pb_section]\n","protected":false},"excerpt":{"rendered":"<p>EVENTI\u00a0 MILONGHESabato 31 gennaio &#8211; YANGOTANGO 2.0 ore 21,30 &#8211; Milonga Domenica 1 febbraio &#8211; DOMINGO MILONGUERO ore 16 Milonga Pomeridiana Sabato 14 febbraio &#8211; STAGE MILONGA E SHOW -con VANESA LAMIS y ALEJANDRO PEREIRA Domenica 15 febbraio &#8211; MOMA Modena Tango Matine\u00e8 dalle 15,30 Sabato 28 febbraio &#8211; STAGE con CHIARA BENATI e ANDREA [&hellip;]<\/p>\n","protected":false},"author":6,"featured_media":0,"parent":0,"menu_order":0,"comment_status":"closed","ping_status":"closed","template":"","meta":{"_et_pb_use_builder":"on","_et_pb_old_content":"","_et_gb_content_width":"","pgc_sgb_lightbox_settings":"","_glsr_average":0,"_glsr_ranking":0,"_glsr_reviews":0,"footnotes":""},"class_list":["post-39242","page","type-page","status-publish","hentry"],"yoast_head":"<!-- This site is optimized with the Yoast SEO plugin v19.13 - https:\/\/yoast.com\/wordpress\/plugins\/seo\/ -->\n<title>Eventi e Milonghe Circolo Gardel<\/title>\n<meta name=\"description\" content=\"Milonghe, incontri culturali, serate riservate ai soci e appuntamenti del Circolo Gardel\" \/>\n<meta name=\"robots\" content=\"index, follow, max-snippet:-1, max-image-preview:large, max-video-preview:-1\" \/>\n<link rel=\"canonical\" href=\"https:\/\/circologardel.it\/?page_id=39242\" \/>\n<meta property=\"og:locale\" content=\"it_IT\" \/>\n<meta property=\"og:type\" content=\"article\" \/>\n<meta property=\"og:title\" content=\"Eventi e Milonghe Circolo Gardel\" \/>\n<meta property=\"og:description\" content=\"Milonghe, incontri culturali, serate riservate ai soci e appuntamenti del Circolo Gardel\" \/>\n<meta property=\"og:url\" content=\"https:\/\/circologardel.it\/?page_id=39242\" \/>\n<meta property=\"og:site_name\" content=\"Circolo Gardel\" \/>\n<meta property=\"article:modified_time\" content=\"2026-03-26T17:48:51+00:00\" \/>\n<meta name=\"twitter:card\" content=\"summary_large_image\" \/>\n<meta name=\"twitter:label1\" content=\"Tempo di lettura stimato\" \/>\n\t<meta name=\"twitter:data1\" content=\"2 minuti\" \/>\n<script type=\"application\/ld+json\" class=\"yoast-schema-graph\">{\"@context\":\"https:\/\/schema.org\",\"@graph\":[{\"@type\":\"WebPage\",\"@id\":\"https:\/\/circologardel.it\/?page_id=39242\",\"url\":\"https:\/\/circologardel.it\/?page_id=39242\",\"name\":\"Eventi e Milonghe Circolo Gardel\",\"isPartOf\":{\"@id\":\"https:\/\/circologardel.it\/#website\"},\"datePublished\":\"2024-09-22T08:37:12+00:00\",\"dateModified\":\"2026-03-26T17:48:51+00:00\",\"description\":\"Milonghe, incontri culturali, serate riservate ai soci e appuntamenti del Circolo Gardel\",\"breadcrumb\":{\"@id\":\"https:\/\/circologardel.it\/?page_id=39242#breadcrumb\"},\"inLanguage\":\"it-IT\",\"potentialAction\":[{\"@type\":\"ReadAction\",\"target\":[\"https:\/\/circologardel.it\/?page_id=39242\"]}]},{\"@type\":\"BreadcrumbList\",\"@id\":\"https:\/\/circologardel.it\/?page_id=39242#breadcrumb\",\"itemListElement\":[{\"@type\":\"ListItem\",\"position\":1,\"name\":\"Home\",\"item\":\"https:\/\/circologardel.it\/\"},{\"@type\":\"ListItem\",\"position\":2,\"name\":\"Eventi e Milonghe\"}]},{\"@type\":\"WebSite\",\"@id\":\"https:\/\/circologardel.it\/#website\",\"url\":\"https:\/\/circologardel.it\/\",\"name\":\"Circolo Gardel\",\"description\":\"La casa del tango a Modena dal 2003\",\"potentialAction\":[{\"@type\":\"SearchAction\",\"target\":{\"@type\":\"EntryPoint\",\"urlTemplate\":\"https:\/\/circologardel.it\/?s={search_term_string}\"},\"query-input\":\"required name=search_term_string\"}],\"inLanguage\":\"it-IT\"}]}<\/script>\n<!-- \/ Yoast SEO plugin. -->","yoast_head_json":{"title":"Eventi e Milonghe Circolo Gardel","description":"Milonghe, incontri culturali, serate riservate ai soci e appuntamenti del Circolo Gardel","robots":{"index":"index","follow":"follow","max-snippet":"max-snippet:-1","max-image-preview":"max-image-preview:large","max-video-preview":"max-video-preview:-1"},"canonical":"https:\/\/circologardel.it\/?page_id=39242","og_locale":"it_IT","og_type":"article","og_title":"Eventi e Milonghe Circolo Gardel","og_description":"Milonghe, incontri culturali, serate riservate ai soci e appuntamenti del Circolo Gardel","og_url":"https:\/\/circologardel.it\/?page_id=39242","og_site_name":"Circolo Gardel","article_modified_time":"2026-03-26T17:48:51+00:00","twitter_card":"summary_large_image","twitter_misc":{"Tempo di lettura stimato":"2 minuti"},"schema":{"@context":"https:\/\/schema.org","@graph":[{"@type":"WebPage","@id":"https:\/\/circologardel.it\/?page_id=39242","url":"https:\/\/circologardel.it\/?page_id=39242","name":"Eventi e Milonghe Circolo Gardel","isPartOf":{"@id":"https:\/\/circologardel.it\/#website"},"datePublished":"2024-09-22T08:37:12+00:00","dateModified":"2026-03-26T17:48:51+00:00","description":"Milonghe, incontri culturali, serate riservate ai soci e appuntamenti del Circolo Gardel","breadcrumb":{"@id":"https:\/\/circologardel.it\/?page_id=39242#breadcrumb"},"inLanguage":"it-IT","potentialAction":[{"@type":"ReadAction","target":["https:\/\/circologardel.it\/?page_id=39242"]}]},{"@type":"BreadcrumbList","@id":"https:\/\/circologardel.it\/?page_id=39242#breadcrumb","itemListElement":[{"@type":"ListItem","position":1,"name":"Home","item":"https:\/\/circologardel.it\/"},{"@type":"ListItem","position":2,"name":"Eventi e Milonghe"}]},{"@type":"WebSite","@id":"https:\/\/circologardel.it\/#website","url":"https:\/\/circologardel.it\/","name":"Circolo Gardel","description":"La casa del tango a Modena dal 2003","potentialAction":[{"@type":"SearchAction","target":{"@type":"EntryPoint","urlTemplate":"https:\/\/circologardel.it\/?s={search_term_string}"},"query-input":"required name=search_term_string"}],"inLanguage":"it-IT"}]}},"_links":{"self":[{"href":"https:\/\/circologardel.it\/index.php?rest_route=\/wp\/v2\/pages\/39242","targetHints":{"allow":["GET"]}}],"collection":[{"href":"https:\/\/circologardel.it\/index.php?rest_route=\/wp\/v2\/pages"}],"about":[{"href":"https:\/\/circologardel.it\/index.php?rest_route=\/wp\/v2\/types\/page"}],"author":[{"embeddable":true,"href":"https:\/\/circologardel.it\/index.php?rest_route=\/wp\/v2\/users\/6"}],"replies":[{"embeddable":true,"href":"https:\/\/circologardel.it\/index.php?rest_route=%2Fwp%2Fv2%2Fcomments&post=39242"}],"version-history":[{"count":61,"href":"https:\/\/circologardel.it\/index.php?rest_route=\/wp\/v2\/pages\/39242\/revisions"}],"predecessor-version":[{"id":42108,"href":"https:\/\/circologardel.it\/index.php?rest_route=\/wp\/v2\/pages\/39242\/revisions\/42108"}],"wp:attachment":[{"href":"https:\/\/circologardel.it\/index.php?rest_route=%2Fwp%2Fv2%2Fmedia&parent=39242"}],"curies":[{"name":"wp","href":"https:\/\/api.w.org\/{rel}","templated":true}]}}