{"id":28538,"date":"2018-07-20T16:53:43","date_gmt":"2018-07-20T16:53:43","guid":{"rendered":"https:\/\/circologardel.it\/?page_id=28538"},"modified":"2026-02-28T09:53:18","modified_gmt":"2026-02-28T09:53:18","slug":"chi-siamo","status":"publish","type":"page","link":"https:\/\/circologardel.it\/?page_id=28538","title":{"rendered":"Chi Siamo &#038; Contatti"},"content":{"rendered":"\n[et_pb_section fb_built=&#8221;1&#8243; admin_label=&#8221;section&#8221; _builder_version=&#8221;4.24.2&#8243; height=&#8221;auto&#8221; global_colors_info=&#8221;{}&#8221;][et_pb_row admin_label=&#8221;row&#8221; _builder_version=&#8221;4.24.2&#8243; background_size=&#8221;initial&#8221; background_position=&#8221;top_left&#8221; background_repeat=&#8221;repeat&#8221; width=&#8221;auto&#8221; max_width=&#8221;none&#8221; global_colors_info=&#8221;{}&#8221;][et_pb_column type=&#8221;4_4&#8243; _builder_version=&#8221;4.16&#8243; custom_padding=&#8221;|||&#8221; global_colors_info=&#8221;{}&#8221; custom_padding__hover=&#8221;|||&#8221;][et_pb_text admin_label=&#8221;Text&#8221; _builder_version=&#8221;4.24.2&#8243; background_size=&#8221;initial&#8221; background_position=&#8221;top_left&#8221; background_repeat=&#8221;repeat&#8221; custom_margin=&#8221;|33px||33px|false|false&#8221; hover_enabled=&#8221;0&#8243; global_colors_info=&#8221;{}&#8221; sticky_enabled=&#8221;0&#8243;]<p>Nel lontano 2003 un gruppo di amici appassionati decisero che era il momento di portare il Tango, quello vero, a Modena. Con una scuola ed una vera Milonga, tutte le settimane, come auenos Aires.<\/p>\n<p>Da allora tanta dedizione, fatica ma anche divertimento hanno potuto creare e far crescere una delle pi\u00f9 longeve e frequentate milonghe del nord Italia. La scuola di Tango \u00e8 la pi\u00f9 apprezzata di Modena e fa parte delle associazioni di tango pi\u00f9 anziane costituite in Italia.<\/p>\n<p>Il Circolo Gardel \u00e8 un\u2019associazione senza fini di lucro affiliata\u00a0<a href=\"http:\/\/www.faitango.it\/\" target=\"_blank\" rel=\"noopener noreferrer\">ACSI\/FaiTango<\/a>.<\/p>\n<p>&nbsp;<\/p>\n<p><strong>A proposito del nome Circolo GARDEL:<\/strong> Carlos Gardel \u00e8 stato il primo grande cantante, compositore, musicista e attore ma soprattutto un\u2019interprete unico del Tango cancion un mito intramontabile che ha segnato un epoca. \u00a0A Buoenos Aires dicono che \u201cCada d\u00eca canta mejor&#8221; perch\u00e8 il suo mito \u00e8 ancora vivo, anche se Carlitos \u00e8 morto in un incidente aereo a Medellin il 24 giugno 1935 all&#8217;et\u00e0 di 47 anni.<\/p>\n<p>&nbsp;<\/p>[\/et_pb_text][digr_tilt_image_card _builder_version=&#8221;4.24.2&#8243; _module_preset=&#8221;default&#8221; hover_enabled=&#8221;0&#8243; sticky_enabled=&#8221;0&#8243;][\/digr_tilt_image_card][et_pb_heading title=&#8221;LO STAFF&#8221; _builder_version=&#8221;4.24.2&#8243; _module_preset=&#8221;default&#8221; title_text_align=&#8221;center&#8221; title_font_size=&#8221;29px&#8221; hover_enabled=&#8221;0&#8243; sticky_enabled=&#8221;0&#8243;][\/et_pb_heading][\/et_pb_column][\/et_pb_row][et_pb_row admin_label=&#8221;row&#8221; _builder_version=&#8221;4.24.2&#8243; background_size=&#8221;initial&#8221; background_position=&#8221;top_left&#8221; background_repeat=&#8221;repeat&#8221; width=&#8221;auto&#8221; max_width=&#8221;none&#8221; global_colors_info=&#8221;{}&#8221; column_structure=&#8221;1_2,1_2&#8243;][et_pb_column type=&#8221;1_2&#8243; _builder_version=&#8221;4.16&#8243; custom_padding=&#8221;|||&#8221; global_colors_info=&#8221;{}&#8221; custom_padding__hover=&#8221;|||&#8221;][et_pb_image src=&#8221;https:\/\/circologardel.it\/wp-content\/uploads\/2026\/01\/Red-Green-and-Gold-Traditional-Family-Christmas-Presentation-1200-x-600-px.png&#8221; _builder_version=&#8221;4.24.2&#8243; _module_preset=&#8221;default&#8221; title_text=&#8221;Red Green and Gold Traditional Family Christmas Presentation (1200 x 600 px)&#8221; hover_enabled=&#8221;0&#8243; sticky_enabled=&#8221;0&#8243;][\/et_pb_image][digr_tilt_image_card _builder_version=&#8221;4.24.2&#8243; _module_preset=&#8221;default&#8221; hover_enabled=&#8221;0&#8243; sticky_enabled=&#8221;0&#8243;][\/digr_tilt_image_card][\/et_pb_column][et_pb_column type=&#8221;1_2&#8243; _builder_version=&#8221;4.16&#8243; custom_padding=&#8221;|||&#8221; global_colors_info=&#8221;{}&#8221; custom_padding__hover=&#8221;|||&#8221;][et_pb_text admin_label=&#8221;Text&#8221; _builder_version=&#8221;4.24.2&#8243; background_size=&#8221;initial&#8221; background_position=&#8221;top_left&#8221; background_repeat=&#8221;repeat&#8221; custom_margin=&#8221;|33px||33px|false|false&#8221; hover_enabled=&#8221;0&#8243; global_colors_info=&#8221;{}&#8221; sticky_enabled=&#8221;0&#8243;]<p>&nbsp;<\/p>\n<p>Tutti i soci, il Presidente ed il Consiglio perseguono l\u2019unico obiettivo di diffondere e promuovere la cultura del Tango Argentino in tutte le sue sfaccettature.<\/p>\n<p>iIl Consiglio Direttivo \u00e8 composto attualmente di 6 membri effettivi: Milvia Gavioli (Presidente), Anna Dima (Vice Presidente), Luigi Petrachi, Roberto D\u2019Alessio, Lucia Matichecchia, Carmine Di Prizio. Inoltre fanno parte dello staff anche: Valentina Brunetti, Enrico Ballista,Filippo Zito<\/p>\n<p>Le persone che compongono lo staff, consiglieri e non, offrono il loro supporto come volontari a titolo completamente gratuito. E\u2019 grazie allo loro opera che il Circolo funziona tutto l\u2019anno con le numerose attivit\u00e0: corsi, pratiche, milonghe, eventi straordinari.<\/p>\n<p>&nbsp;<\/p>\n<p>&nbsp;<\/p>[\/et_pb_text][\/et_pb_column][\/et_pb_row][et_pb_row _builder_version=&#8221;4.24.2&#8243; _module_preset=&#8221;default&#8221;][et_pb_column _builder_version=&#8221;4.24.2&#8243; _module_preset=&#8221;default&#8221; type=&#8221;4_4&#8243;][et_pb_text _builder_version=&#8221;4.24.2&#8243; _module_preset=&#8221;default&#8221; hover_enabled=&#8221;0&#8243; sticky_enabled=&#8221;0&#8243;]<h2><span style=\"text-decoration: underline;\"><strong><span style=\"font-size: small;\">CONTATTI<\/span><\/strong><\/span><\/h2>\n<p>CIRCOLO GARDEL ASD\u00a0<\/p>\n<p>Sede: via Ungheria 2 41122 MODENA<\/p>\n<p>email:<span>\u00a0<\/span><a href=\"mailto:info@circologardel.it\">info@circologardel.it<\/a><\/p>\n<p>pec:<span>\u00a0<\/span><a href=\"mailto:circologardel@pec.it\">circologardel@pec.it<\/a><\/p>\n<p>Contatti telefonici: 320 2226844 (Milly) 328 3550612 (Anna)<\/p>\n<p>&nbsp;<\/p>[\/et_pb_text][\/et_pb_column][\/et_pb_row][\/et_pb_section]\n","protected":false},"excerpt":{"rendered":"<p>Nel lontano 2003 un gruppo di amici appassionati decisero che era il momento di portare il Tango, quello vero, a Modena. Con una scuola ed una vera Milonga, tutte le settimane, come auenos Aires. Da allora tanta dedizione, fatica ma anche divertimento hanno potuto creare e far crescere una delle pi\u00f9 longeve e frequentate milonghe [&hellip;]<\/p>\n","protected":false},"author":5,"featured_media":0,"parent":0,"menu_order":22,"comment_status":"closed","ping_status":"closed","template":"","meta":{"_et_pb_use_builder":"on","_et_pb_old_content":"<img class=\"alignleft wp-image-29000\" src=\"https:\/\/circologardel.it\/wp-content\/uploads\/2018\/07\/targa.gardel-1-300x163.jpg\" alt=\"targa gardel\" width=\"361\" height=\"196\" \/> Nel lontano 2003 un gruppo di amici appassionati decisero che era il momento di portare il Tango, quello vero, a Modena. Con una scuola ed una vera Milonga, tutte le settimane, come a Buenos Aires.\r\n\r\nDa allora tanta dedizione, fatica ma anche divertimento hanno potuto creare e far crescere una delle pi\u00f9 longeve e frequentate milonghe del nord Italia. La scuola di Tango \u00e8 la pi\u00f9 apprezzata di Modena e fa parte delle associazioni di tango pi\u00f9 anziane costituite in Italia.\r\n\r\nAnche se sono passati ormai 14 anni la nostra voglia di ballare e divertirci \u00e8 rimasta invariata\u2026 come la voglia di far avvicinare altre persone a questo splendido ballo.\r\n\r\nIl Circolo Gardel \u00e8 un\u2019associazione senza fini di lucro affiliata\u00a0<a href=\"http:\/\/www.faitango.it\/\" target=\"_blank\" rel=\"noopener noreferrer\">ACSI\/FaiTango<\/a>.\r\n\r\nTutti i soci, il Presidente ed il Consiglio perseguono l\u2019unico obiettivo di diffondere e promuovere la cultura del Tango Argentino in tutte le sue sfaccettature.\r\n<h2>Chi \u00e8\u00a0Carlos Gardel?<\/h2>\r\n<strong><img class=\"size-medium wp-image-28535 alignleft\" src=\"https:\/\/circologardel.it\/wp-content\/uploads\/2018\/07\/gardelfoto-238x300.jpg\" alt=\"\" width=\"238\" height=\"300\" \/>\u201c<em>Uno\u00a0\u00e8\u00a0da\u00a0dove\u00a0si riposa, non da dove si nasce\u201d<\/em><\/strong>\r\n<strong><em>\u201cNacqui a Buenos Aires, Argentina, a 2 anni e mezzo di et\u00e0\u201d.<\/em><\/strong>\r\nCon queste frasi il cantante glissava le costanti illazioni sulla sua provenienza; ci sono voci che davano le sue origini francesi a causa della nazionalit\u00e0 materna o anche da Tacuarembo, Uruguay, sebbene \u00e8 stato di recente confermato che Charles Romuald Gardes nacque a Tolosa (Francia) il 11 dicembre 1890; stesso giorno e mese di nascita del musicista compositore Julio De Caro (Bs.As. 11 dicembre 1899) ispiratore dell\u2019era evoluzionistica del tango; in Argentina in questa data si festeggia il \u201c<a href=\"https:\/\/es.wikipedia.org\/wiki\/D%C3%ADa_Nacional_del_Tango\">Dia nacional del Tango<\/a>\u201d.\r\n\r\nUn grande cantante, compositore, musicista e attore ma soprattutto un\u2019interprete unico del Tango cancion un mito intramontabile che ha segnato un epoca. La sua biografia la troverete su parecchi siti web compresa<a href=\"https:\/\/it.wikipedia.org\/wiki\/Carlos_Gardel\">Wikipedia<\/a>\u00a0ma noi del Circolo di Modena che ha l\u2019onore di fregiarsi del suo nome vogliamo farvelo conoscere omaggiandolo cos\u00ec; citiando quello che riporta, nell\u2019introduzione, nel suo libroCD Diego Moreno \u201cCada d\u00eca canta mejor \u2013 Il mio Don Carlos Gardel\u201d (rara se non unica biografia di Gardel in Italiano):\r\n\r\n\u201c<em>Che dire di Carlos Gardel?<\/em>\r\n<em>Tutta la sua opera \u00e8 piena di misteri. Ma, paradossalmente, questi misteri non sono nati perch\u00e9 la sua vita da \u2018star\u2019 si svolgeva lontano dal contatto con la gente. Anzi, al contrario, l\u2019artista Gardel era permanentemente in contatto con tutti, senza distinzione tra personalit\u00e0 della musica o del canto, tra gli amici o l\u2019ambiente delle corse dei cavalli, tra i politici o i re, tra il mondo del teatro o del cinema, tra i professionisti come tra i dilettanti.<\/em>\r\n<em>Il suo essere uomo \u2018per bene\u2019, la sua sensibilit\u00e0, la sua generosit\u00e0, il suo rispettare il prossimo, ben consapevole che \u201cc\u2019\u00e8 sempre qualcuno che non condivide la nostra idea\u201d, sono alcuni dei motivi per i quali Gardel ha riscosso enormi consensi non solo per la sua Arte, ma anche per lo stile di vita<\/em>\r\n<em>Ne \u00e8 un esempio rilevante il modo in cui lo chiamavano le persone che lo frequentavano, cio\u00e8: \u201cDon Carlos\u201d. Quel \u2018Don\u2019 era riservato, all\u2019epoca, a persone \u2018speciali\u2019, di grande esperienza e avanti con gli anni. E lui, ancora giovane, pot\u00e9 gi\u00e0 fregiarsene.<\/em>\r\n<em>Fa sensazione sapere che, sia in vita sia dopo la sua morte, l\u2019opera di Gardel \u00e8 stata amata e continua ad esserlo in maniera cos\u00ec intensa. Il suo pubblico gli ha tributato grandi onori, di quelli solitamente riservati a chi entra nella storia. Senz\u2019ombra di dubbio, \u201cDon Carlos\u201d \u00e8 stato il creatore del modo di cantare e di interpretare il Tango.<\/em>\r\n<em>Ed \u00e8 curioso che tutti i cantanti di tango che, avendo un particolare timbro baritonale (caratteristica gardeliana), hanno tentato di emularlo \u2013 a volte anche molto bene \u2013 non abbiano riscosso grossi favori, n\u00e9 di critica n\u00e9 di pubblico. Questo mi fa credere che se si potesse clonarlo, il clone non avrebbe la magia dell\u2019originale e non sarebbe idolatrato e amato quanto il pubblico ama e idolatra il nostro unico \u201cDon Carlos Gardel\u201d.<\/em>\r\n<em>Sar\u00e0 questa la missione di Carlos Gardel sulla Terra: unire attraverso la sua voce, la sua arte, popoli interi in modo trasversale. Non \u00e8 poco. Lui c\u2019\u00e8 riuscito in vita; ma, quasi magicamente, ancor di pi\u00f9 dopo la morte. Oggi si sono persi alcuni valori e avere in Gardel un punto d\u2019incontro, di coincidenza, ci fa sentire d\u2019appartenere a un popolo privilegiato.<\/em>\u201d\r\n(H\u00e9ctor Osvaldo Lemmi).\r\n\r\n<strong>Nel 2003 l\u2019UNESCO ha dichiarato la voce di Carlos Gardel Patrimonio Culturale dell\u2019Umanit\u00e0.<\/strong>\r\n\r\nAncora oggi i suoi innumerevoli estimatori sparsi non solo in America latina ma in tutto il mondo quando lo ascoltano sono soliti dire: \u201cCada dia canta mejor\u201d (ogni giorno canta meglio) ed \u00e8 anche per questo aneddoto che abbiamo intitolato l\u2019approfondimento sul personaggio-mito che ha dato nome al nostro Circolo con \u201cchi \u00e8 Carlos Gardel\u201d e non \u2018chi era\u2019\u2026","_et_gb_content_width":"","pgc_sgb_lightbox_settings":"","_glsr_average":0,"_glsr_ranking":0,"_glsr_reviews":0,"footnotes":""},"class_list":["post-28538","page","type-page","status-publish","hentry"],"yoast_head":"<!-- This site is optimized with the Yoast SEO plugin v19.13 - https:\/\/yoast.com\/wordpress\/plugins\/seo\/ -->\n<title>Chi Siamo &amp; Contatti - Circolo Gardel<\/title>\n<meta name=\"description\" content=\"Siamo un gruppo di appassionati che hanno portato il Tango a Modena. Il nostro Circolo offre corsi ed eventi di tango a chi voglia gioire di questa danza.\" \/>\n<meta name=\"robots\" content=\"index, follow, max-snippet:-1, max-image-preview:large, max-video-preview:-1\" \/>\n<link rel=\"canonical\" href=\"https:\/\/circologardel.it\/?page_id=28538\" \/>\n<meta property=\"og:locale\" content=\"it_IT\" \/>\n<meta property=\"og:type\" content=\"article\" \/>\n<meta property=\"og:title\" content=\"Chi Siamo &amp; Contatti - Circolo Gardel\" \/>\n<meta property=\"og:description\" content=\"Siamo un gruppo di appassionati che hanno portato il Tango a Modena. Il nostro Circolo offre corsi ed eventi di tango a chi voglia gioire di questa danza.\" \/>\n<meta property=\"og:url\" content=\"https:\/\/circologardel.it\/?page_id=28538\" \/>\n<meta property=\"og:site_name\" content=\"Circolo Gardel\" \/>\n<meta property=\"article:modified_time\" content=\"2026-02-28T09:53:18+00:00\" \/>\n<meta name=\"twitter:card\" content=\"summary_large_image\" \/>\n<meta name=\"twitter:label1\" content=\"Tempo di lettura stimato\" \/>\n\t<meta name=\"twitter:data1\" content=\"3 minuti\" \/>\n<script type=\"application\/ld+json\" class=\"yoast-schema-graph\">{\"@context\":\"https:\/\/schema.org\",\"@graph\":[{\"@type\":\"WebPage\",\"@id\":\"https:\/\/circologardel.it\/?page_id=28538\",\"url\":\"https:\/\/circologardel.it\/?page_id=28538\",\"name\":\"Chi Siamo & Contatti - Circolo Gardel\",\"isPartOf\":{\"@id\":\"https:\/\/circologardel.it\/#website\"},\"datePublished\":\"2018-07-20T16:53:43+00:00\",\"dateModified\":\"2026-02-28T09:53:18+00:00\",\"description\":\"Siamo un gruppo di appassionati che hanno portato il Tango a Modena. Il nostro Circolo offre corsi ed eventi di tango a chi voglia gioire di questa danza.\",\"breadcrumb\":{\"@id\":\"https:\/\/circologardel.it\/?page_id=28538#breadcrumb\"},\"inLanguage\":\"it-IT\",\"potentialAction\":[{\"@type\":\"ReadAction\",\"target\":[\"https:\/\/circologardel.it\/?page_id=28538\"]}]},{\"@type\":\"BreadcrumbList\",\"@id\":\"https:\/\/circologardel.it\/?page_id=28538#breadcrumb\",\"itemListElement\":[{\"@type\":\"ListItem\",\"position\":1,\"name\":\"Home\",\"item\":\"https:\/\/circologardel.it\/\"},{\"@type\":\"ListItem\",\"position\":2,\"name\":\"Chi Siamo &#038; Contatti\"}]},{\"@type\":\"WebSite\",\"@id\":\"https:\/\/circologardel.it\/#website\",\"url\":\"https:\/\/circologardel.it\/\",\"name\":\"Circolo Gardel\",\"description\":\"La casa del tango a Modena dal 2003\",\"potentialAction\":[{\"@type\":\"SearchAction\",\"target\":{\"@type\":\"EntryPoint\",\"urlTemplate\":\"https:\/\/circologardel.it\/?s={search_term_string}\"},\"query-input\":\"required name=search_term_string\"}],\"inLanguage\":\"it-IT\"}]}<\/script>\n<!-- \/ Yoast SEO plugin. -->","yoast_head_json":{"title":"Chi Siamo & Contatti - Circolo Gardel","description":"Siamo un gruppo di appassionati che hanno portato il Tango a Modena. Il nostro Circolo offre corsi ed eventi di tango a chi voglia gioire di questa danza.","robots":{"index":"index","follow":"follow","max-snippet":"max-snippet:-1","max-image-preview":"max-image-preview:large","max-video-preview":"max-video-preview:-1"},"canonical":"https:\/\/circologardel.it\/?page_id=28538","og_locale":"it_IT","og_type":"article","og_title":"Chi Siamo & Contatti - Circolo Gardel","og_description":"Siamo un gruppo di appassionati che hanno portato il Tango a Modena. Il nostro Circolo offre corsi ed eventi di tango a chi voglia gioire di questa danza.","og_url":"https:\/\/circologardel.it\/?page_id=28538","og_site_name":"Circolo Gardel","article_modified_time":"2026-02-28T09:53:18+00:00","twitter_card":"summary_large_image","twitter_misc":{"Tempo di lettura stimato":"3 minuti"},"schema":{"@context":"https:\/\/schema.org","@graph":[{"@type":"WebPage","@id":"https:\/\/circologardel.it\/?page_id=28538","url":"https:\/\/circologardel.it\/?page_id=28538","name":"Chi Siamo & Contatti - Circolo Gardel","isPartOf":{"@id":"https:\/\/circologardel.it\/#website"},"datePublished":"2018-07-20T16:53:43+00:00","dateModified":"2026-02-28T09:53:18+00:00","description":"Siamo un gruppo di appassionati che hanno portato il Tango a Modena. Il nostro Circolo offre corsi ed eventi di tango a chi voglia gioire di questa danza.","breadcrumb":{"@id":"https:\/\/circologardel.it\/?page_id=28538#breadcrumb"},"inLanguage":"it-IT","potentialAction":[{"@type":"ReadAction","target":["https:\/\/circologardel.it\/?page_id=28538"]}]},{"@type":"BreadcrumbList","@id":"https:\/\/circologardel.it\/?page_id=28538#breadcrumb","itemListElement":[{"@type":"ListItem","position":1,"name":"Home","item":"https:\/\/circologardel.it\/"},{"@type":"ListItem","position":2,"name":"Chi Siamo &#038; Contatti"}]},{"@type":"WebSite","@id":"https:\/\/circologardel.it\/#website","url":"https:\/\/circologardel.it\/","name":"Circolo Gardel","description":"La casa del tango a Modena dal 2003","potentialAction":[{"@type":"SearchAction","target":{"@type":"EntryPoint","urlTemplate":"https:\/\/circologardel.it\/?s={search_term_string}"},"query-input":"required name=search_term_string"}],"inLanguage":"it-IT"}]}},"_links":{"self":[{"href":"https:\/\/circologardel.it\/index.php?rest_route=\/wp\/v2\/pages\/28538","targetHints":{"allow":["GET"]}}],"collection":[{"href":"https:\/\/circologardel.it\/index.php?rest_route=\/wp\/v2\/pages"}],"about":[{"href":"https:\/\/circologardel.it\/index.php?rest_route=\/wp\/v2\/types\/page"}],"author":[{"embeddable":true,"href":"https:\/\/circologardel.it\/index.php?rest_route=\/wp\/v2\/users\/5"}],"replies":[{"embeddable":true,"href":"https:\/\/circologardel.it\/index.php?rest_route=%2Fwp%2Fv2%2Fcomments&post=28538"}],"version-history":[{"count":24,"href":"https:\/\/circologardel.it\/index.php?rest_route=\/wp\/v2\/pages\/28538\/revisions"}],"predecessor-version":[{"id":41694,"href":"https:\/\/circologardel.it\/index.php?rest_route=\/wp\/v2\/pages\/28538\/revisions\/41694"}],"wp:attachment":[{"href":"https:\/\/circologardel.it\/index.php?rest_route=%2Fwp%2Fv2%2Fmedia&parent=28538"}],"curies":[{"name":"wp","href":"https:\/\/api.w.org\/{rel}","templated":true}]}}